{"id":1385,"date":"2022-06-28T20:38:44","date_gmt":"2022-06-28T17:38:44","guid":{"rendered":"https:\/\/lotojackpot.info\/dom\/"},"modified":"2025-11-10T22:10:39","modified_gmt":"2025-11-10T20:10:39","slug":"dom","status":"publish","type":"page","link":"https:\/\/lotojackpot.info\/bs\/","title":{"rendered":"Dom"},"content":{"rendered":"<p>[et_pb_section fb_built=&#8221;1&#8221; admin_label=&#8221;Header&#8221; _builder_version=&#8221;4.16&#8221; _module_preset=&#8221;default&#8221; overflow-x=&#8221;hidden&#8221; overflow-y=&#8221;hidden&#8221; custom_padding=&#8221;||0px|||&#8221; global_colors_info=&#8221;{}&#8221;][et_pb_row column_structure=&#8221;1_2,1_2&#8221; use_custom_gutter=&#8221;on&#8221; make_equal=&#8221;on&#8221; _builder_version=&#8221;4.16&#8221; _module_preset=&#8221;default&#8221; custom_padding=&#8221;||0px|||&#8221; global_colors_info=&#8221;{}&#8221;][et_pb_column type=&#8221;1_2&#8221; _builder_version=&#8221;4.16&#8221; _module_preset=&#8221;default&#8221; custom_padding=&#8221;||50px||false|false&#8221; global_colors_info=&#8221;{}&#8221;][et_pb_text _builder_version=&#8221;4.19.4&#8221; _module_preset=&#8221;default&#8221; header_font=&#8221;Bebas Neue||||||||&#8221; header_font_size=&#8221;110px&#8221; header_line_height=&#8221;0.8em&#8221; background_enable_color=&#8221;off&#8221; header_font_size_tablet=&#8221;80px&#8221; header_font_size_phone=&#8221;48px&#8221; header_font_size_last_edited=&#8221;on|tablet&#8221; header_line_height_tablet=&#8221;1em&#8221; header_line_height_phone=&#8221;&#8221; header_line_height_last_edited=&#8221;on|tablet&#8221; box_shadow_style=&#8221;preset4&#8221; box_shadow_horizontal=&#8221;-540px&#8221; box_shadow_vertical=&#8221;0px&#8221; box_shadow_color=&#8221;#E69B0B&#8221; box_shadow_horizontal_tablet=&#8221;-83vw&#8221; box_shadow_horizontal_phone=&#8221;&#8221; box_shadow_horizontal_last_edited=&#8221;on|phone&#8221; global_colors_info=&#8221;{}&#8221;]<\/p>\n<h1>Loto <span style=\"color: #e69b0b;\">Jackpots<\/span><\/h1>\n<p>[\/et_pb_text][et_pb_text _builder_version=&#8221;4.21.0&#8221; _module_preset=&#8221;default&#8221; text_font_size=&#8221;16px&#8221; text_line_height=&#8221;1.8em&#8221; text_font_size_tablet=&#8221;&#8221; text_font_size_phone=&#8221;14px&#8221; text_font_size_last_edited=&#8221;on|phone&#8221; global_colors_info=&#8221;{}&#8221;]<\/p>\n<h2><strong>D\u017eekpotovi koji \u0107e vam promijeniti \u017eivot<\/strong><\/h2>\n<h3>Najve\u0107e svjetske lutrije sa d\u017eekpotima do 1,6 milijardi eura<\/h3>\n<p>[\/et_pb_text][et_pb_button button_url=&#8221;https:\/\/lotojackpot.info\/bs\/provajderi\/&#8221; button_text=&#8221;Official Vendors&#8221; _builder_version=&#8221;4.19.4&#8221; _module_preset=&#8221;default&#8221; custom_button=&#8221;on&#8221; button_text_size=&#8221;16px&#8221; button_text_color=&#8221;#FFFFFF&#8221; button_bg_color=&#8221;#E69B0B&#8221; button_border_width=&#8221;2px&#8221; button_border_color=&#8221;#E69B0B&#8221; button_border_radius=&#8221;3px&#8221; button_letter_spacing=&#8221;4px&#8221; button_font=&#8221;Bebas Neue||||||||&#8221; button_use_icon=&#8221;off&#8221; custom_padding=&#8221;15px|40px|15px|40px|true|true&#8221; custom_css_before=&#8221;\t&#8221; global_colors_info=&#8221;{}&#8221; button_text_size__hover_enabled=&#8221;on|desktop&#8221; button_text_color__hover_enabled=&#8221;on|desktop&#8221; button_bg_color__hover_enabled=&#8221;on|hover&#8221; button_bg_color__hover=&#8221;#FFFFFF&#8221; button_bg_enable_color__hover=&#8221;on&#8221; button_text_color__hover=&#8221;#E69B0B&#8221; button_border_color__hover_enabled=&#8221;on|desktop&#8221; button_border_color__hover=&#8221;#E69B0B&#8221; button_border_width__hover_enabled=&#8221;on|hover&#8221; button_text_size__hover=&#8221;16px&#8221; button_border_width__hover=&#8221;2px&#8221;][\/et_pb_button][\/et_pb_column][et_pb_column type=&#8221;1_2&#8221; _builder_version=&#8221;4.16&#8221; _module_preset=&#8221;default&#8221; global_colors_info=&#8221;{}&#8221;][et_pb_image src=&#8221;https:\/\/lotojackpot.info\/wp-content\/uploads\/2022\/06\/jackpot.png&#8221; alt=&#8221;d\u017eekpot&#8221; title_text=&#8221;d\u017eekpot&#8221; _builder_version=&#8221;4.17.3&#8221; _module_preset=&#8221;default&#8221; use_background_color_gradient=&#8221;on&#8221; background_color_gradient_stops=&#8221;rgba(0,0,0,0) 80%|#e69b0b 80%&#8221; background_color_gradient_start=&#8221;rgba(0,0,0,0)&#8221; background_color_gradient_start_position=&#8221;80%&#8221; background_color_gradient_end=&#8221;#ea3900&#8221; background_color_gradient_end_position=&#8221;0%&#8221; positioning=&#8221;absolute&#8221; position_origin_a=&#8221;bottom_left&#8221; position_origin_a_tablet=&#8221;&#8221; position_origin_a_phone=&#8221;&#8221; position_origin_a_last_edited=&#8221;on|tablet&#8221; position_origin_f_tablet=&#8221;&#8221; position_origin_f_phone=&#8221;&#8221; position_origin_f_last_edited=&#8221;on|tablet&#8221; position_origin_r_tablet=&#8221;&#8221; position_origin_r_phone=&#8221;&#8221; position_origin_r_last_edited=&#8221;on|tablet&#8221; custom_margin=&#8221;|-30vw||-6%|false|false&#8221; custom_margin_tablet=&#8221;|-10vw||0%|false|false&#8221; custom_margin_phone=&#8221;&#8221; custom_margin_last_edited=&#8221;on|tablet&#8221; positioning_tablet=&#8221;none&#8221; positioning_phone=&#8221;&#8221; positioning_last_edited=&#8221;on|tablet&#8221; locked=&#8221;off&#8221; global_colors_info=&#8221;{}&#8221;][\/et_pb_image][\/et_pb_column][\/et_pb_row][\/et_pb_section][et_pb_section fb_built=&#8221;1&#8221; admin_label=&#8221;Services&#8221; _builder_version=&#8221;4.16&#8221; _module_preset=&#8221;default&#8221; custom_margin=&#8221;||||false|false&#8221; custom_padding=&#8221;||||false|false&#8221; global_colors_info=&#8221;{}&#8221;][et_pb_row column_structure=&#8221;1_2,1_2&#8221; _builder_version=&#8221;4.16&#8221; _module_preset=&#8221;default&#8221; global_colors_info=&#8221;{}&#8221;][et_pb_column type=&#8221;1_2&#8221; _builder_version=&#8221;4.16&#8221; _module_preset=&#8221;default&#8221; global_colors_info=&#8221;{}&#8221;][et_pb_image src=&#8221;https:\/\/lotojackpot.info\/wp-content\/uploads\/2023\/01\/MegaMillions.png&#8221; alt=&#8221;MegaMillions Jackpot&#8221; title_text=&#8221;MegaMillions Jackpot&#8221; url=&#8221;https:\/\/lotojackpot.info\/bs\/provajderi\/&#8221; align=&#8221;center&#8221; _builder_version=&#8221;4.19.4&#8221; _module_preset=&#8221;default&#8221; global_colors_info=&#8221;{}&#8221;][\/et_pb_image][\/et_pb_column][et_pb_column type=&#8221;1_2&#8221; _builder_version=&#8221;4.16&#8221; _module_preset=&#8221;default&#8221; global_colors_info=&#8221;{}&#8221;][et_pb_text _builder_version=&#8221;4.27.4&#8221; _module_preset=&#8221;default&#8221; text_font_size=&#8221;19px&#8221; header_font=&#8221;||||||||&#8221; header_text_align=&#8221;center&#8221; header_font_size=&#8221;56px&#8221; text_orientation=&#8221;center&#8221; custom_margin=&#8221;71px|||||&#8221; custom_margin_tablet=&#8221;20px||40px||false|false&#8221; custom_margin_phone=&#8221;20px||40px||false|false&#8221; custom_margin_last_edited=&#8221;on|desktop&#8221; animation_style=&#8221;slide&#8221; animation_direction=&#8221;right&#8221; hover_enabled=&#8221;0&#8221; header_font_tablet=&#8221;||||||||&#8221; header_font_phone=&#8221;||||||||&#8221; header_font_last_edited=&#8221;on|desktop&#8221; header_font_size_tablet=&#8221;56px&#8221; header_font_size_phone=&#8221;40px&#8221; header_font_size_last_edited=&#8221;on|desktop&#8221; text_text_shadow_style=&#8221;preset1&#8221; border_width_right=&#8221;50px&#8221; border_color_right=&#8221;#E69B0B&#8221; border_radii_tablet=&#8221;&#8221; border_radii_phone=&#8221;&#8221; border_radii_last_edited=&#8221;on|desktop&#8221; border_width_right_tablet=&#8221;0px&#8221; border_width_right_phone=&#8221;0px&#8221; border_width_right_last_edited=&#8221;on|desktop&#8221; global_colors_info=&#8221;{}&#8221; sticky_enabled=&#8221;0&#8221;]<\/p>\n<h1>900 miliona dolara<\/h1>\n<p>[\/et_pb_text][\/et_pb_column][\/et_pb_row][et_pb_row column_structure=&#8221;1_2,1_2&#8221; _builder_version=&#8221;4.16&#8221; _module_preset=&#8221;default&#8221; global_colors_info=&#8221;{}&#8221;][et_pb_column type=&#8221;1_2&#8221; _builder_version=&#8221;4.16&#8221; _module_preset=&#8221;default&#8221; global_colors_info=&#8221;{}&#8221;][et_pb_image src=&#8221;https:\/\/lotojackpot.info\/wp-content\/uploads\/2023\/01\/Powerball.png&#8221; alt=&#8221;Powerball Jackpot&#8221; title_text=&#8221;Powerball Jackpot&#8221; url=&#8221;https:\/\/lotojackpot.info\/bs\/provajderi\/&#8221; align=&#8221;center&#8221; _builder_version=&#8221;4.19.4&#8221; _module_preset=&#8221;default&#8221; global_colors_info=&#8221;{}&#8221;][\/et_pb_image][\/et_pb_column][et_pb_column type=&#8221;1_2&#8221; _builder_version=&#8221;4.16&#8221; _module_preset=&#8221;default&#8221; global_colors_info=&#8221;{}&#8221;][et_pb_text _builder_version=&#8221;4.27.4&#8221; _module_preset=&#8221;default&#8221; text_font_size=&#8221;19px&#8221; header_font=&#8221;||||||||&#8221; header_text_align=&#8221;center&#8221; header_font_size=&#8221;56px&#8221; text_orientation=&#8221;center&#8221; custom_margin=&#8221;71px|||||&#8221; custom_margin_tablet=&#8221;20px||40px||false|false&#8221; custom_margin_phone=&#8221;20px||40px||false|false&#8221; custom_margin_last_edited=&#8221;on|desktop&#8221; animation_style=&#8221;slide&#8221; animation_direction=&#8221;right&#8221; hover_enabled=&#8221;0&#8221; header_font_tablet=&#8221;||||||||&#8221; header_font_phone=&#8221;||||||||&#8221; header_font_last_edited=&#8221;on|desktop&#8221; header_font_size_tablet=&#8221;56px&#8221; header_font_size_phone=&#8221;40px&#8221; header_font_size_last_edited=&#8221;on|desktop&#8221; text_text_shadow_style=&#8221;preset1&#8221; border_width_right=&#8221;50px&#8221; border_color_right=&#8221;#E69B0B&#8221; border_radii_tablet=&#8221;&#8221; border_radii_phone=&#8221;&#8221; border_radii_last_edited=&#8221;on|desktop&#8221; border_width_right_tablet=&#8221;0px&#8221; border_width_right_phone=&#8221;0px&#8221; border_width_right_last_edited=&#8221;on|desktop&#8221; global_colors_info=&#8221;{}&#8221; sticky_enabled=&#8221;0&#8221;]<\/p>\n<h1>490 miliona dolara<\/h1>\n<p>[\/et_pb_text][\/et_pb_column][\/et_pb_row][et_pb_row column_structure=&#8221;1_2,1_2&#8221; _builder_version=&#8221;4.16&#8221; _module_preset=&#8221;default&#8221; global_colors_info=&#8221;{}&#8221;][et_pb_column type=&#8221;1_2&#8221; _builder_version=&#8221;4.16&#8221; _module_preset=&#8221;default&#8221; global_colors_info=&#8221;{}&#8221;][et_pb_image src=&#8221;https:\/\/lotojackpot.info\/wp-content\/uploads\/2023\/01\/Euromillions.png&#8221; alt=&#8221;Euromillions Jackpot&#8221; title_text=&#8221;Euromillions Jackpot&#8221; url=&#8221;https:\/\/lotojackpot.info\/bs\/provajderi\/&#8221; align=&#8221;center&#8221; _builder_version=&#8221;4.19.4&#8221; _module_preset=&#8221;default&#8221; background_enable_color=&#8221;off&#8221; global_colors_info=&#8221;{}&#8221;][\/et_pb_image][\/et_pb_column][et_pb_column type=&#8221;1_2&#8221; _builder_version=&#8221;4.16&#8221; _module_preset=&#8221;default&#8221; global_colors_info=&#8221;{}&#8221;][et_pb_text _builder_version=&#8221;4.27.2&#8221; _module_preset=&#8221;default&#8221; text_font_size=&#8221;19px&#8221; header_font=&#8221;||||||||&#8221; header_text_align=&#8221;center&#8221; header_font_size=&#8221;56px&#8221; text_orientation=&#8221;center&#8221; custom_margin=&#8221;71px|||||&#8221; custom_margin_tablet=&#8221;20px||40px||false|false&#8221; custom_margin_phone=&#8221;20px||40px||false|false&#8221; custom_margin_last_edited=&#8221;on|desktop&#8221; animation_style=&#8221;slide&#8221; animation_direction=&#8221;right&#8221; header_font_tablet=&#8221;&#8221; header_font_phone=&#8221;&#8221; header_font_last_edited=&#8221;on|desktop&#8221; header_font_size_tablet=&#8221;56px&#8221; header_font_size_phone=&#8221;40px&#8221; header_font_size_last_edited=&#8221;on|desktop&#8221; text_text_shadow_style=&#8221;preset1&#8221; border_width_right=&#8221;50px&#8221; border_color_right=&#8221;#E69B0B&#8221; border_radii_tablet=&#8221;&#8221; border_radii_phone=&#8221;&#8221; border_radii_last_edited=&#8221;on|desktop&#8221; border_width_right_tablet=&#8221;0px&#8221; border_width_right_phone=&#8221;0px&#8221; border_width_right_last_edited=&#8221;on|desktop&#8221; global_colors_info=&#8221;{}&#8221;]<\/p>\n<h1>108 miliona evra<\/h1>\n<p>[\/et_pb_text][\/et_pb_column][\/et_pb_row][et_pb_row column_structure=&#8221;1_2,1_2&#8221; _builder_version=&#8221;4.16&#8221; _module_preset=&#8221;default&#8221; global_colors_info=&#8221;{}&#8221;][et_pb_column type=&#8221;1_2&#8221; _builder_version=&#8221;4.16&#8221; _module_preset=&#8221;default&#8221; global_colors_info=&#8221;{}&#8221;][et_pb_image src=&#8221;https:\/\/lotojackpot.info\/wp-content\/uploads\/2023\/01\/Eurojackpot.png&#8221; alt=&#8221;Eurojackpot Jackpot&#8221; title_text=&#8221;Eurojackpot Jackpot&#8221; url=&#8221;https:\/\/lotojackpot.info\/bs\/provajderi\/&#8221; align=&#8221;center&#8221; _builder_version=&#8221;4.19.4&#8221; _module_preset=&#8221;default&#8221; global_colors_info=&#8221;{}&#8221;][\/et_pb_image][\/et_pb_column][et_pb_column type=&#8221;1_2&#8221; _builder_version=&#8221;4.16&#8221; _module_preset=&#8221;default&#8221; global_colors_info=&#8221;{}&#8221;][et_pb_text _builder_version=&#8221;4.27.4&#8221; _module_preset=&#8221;default&#8221; text_font_size=&#8221;19px&#8221; header_font=&#8221;||||||||&#8221; header_text_align=&#8221;center&#8221; header_font_size=&#8221;56px&#8221; text_orientation=&#8221;center&#8221; custom_margin=&#8221;71px|||||&#8221; custom_margin_tablet=&#8221;20px||40px||false|false&#8221; custom_margin_phone=&#8221;20px||40px||false|false&#8221; custom_margin_last_edited=&#8221;on|desktop&#8221; animation_style=&#8221;slide&#8221; animation_direction=&#8221;right&#8221; hover_enabled=&#8221;0&#8221; header_font_tablet=&#8221;||||||||&#8221; header_font_phone=&#8221;||||||||&#8221; header_font_last_edited=&#8221;on|desktop&#8221; header_font_size_tablet=&#8221;56px&#8221; header_font_size_phone=&#8221;40px&#8221; header_font_size_last_edited=&#8221;on|desktop&#8221; text_text_shadow_style=&#8221;preset1&#8221; border_width_right=&#8221;50px&#8221; border_color_right=&#8221;#E69B0B&#8221; border_radii_tablet=&#8221;&#8221; border_radii_phone=&#8221;&#8221; border_radii_last_edited=&#8221;on|desktop&#8221; border_width_right_tablet=&#8221;0px&#8221; border_width_right_phone=&#8221;0px&#8221; border_width_right_last_edited=&#8221;on|desktop&#8221; global_colors_info=&#8221;{}&#8221; sticky_enabled=&#8221;0&#8221;]<\/p>\n<h1>10 miliona evra<\/h1>\n<p>[\/et_pb_text][\/et_pb_column][\/et_pb_row][et_pb_row column_structure=&#8221;2_5,3_5&#8221; _builder_version=&#8221;4.16&#8221; _module_preset=&#8221;default&#8221; custom_margin=&#8221;41px|auto||auto||&#8221; global_colors_info=&#8221;{}&#8221;][et_pb_column type=&#8221;2_5&#8221; _builder_version=&#8221;4.16&#8221; _module_preset=&#8221;default&#8221; global_colors_info=&#8221;{}&#8221;][et_pb_text _builder_version=&#8221;4.25.0&#8221; _module_preset=&#8221;default&#8221; header_2_font=&#8221;Bebas Neue||||||||&#8221; header_2_font_size=&#8221;80px&#8221; custom_margin=&#8221;||10px||false|false&#8221; header_2_font_size_tablet=&#8221;42px&#8221; header_2_font_size_phone=&#8221;30px&#8221; header_2_font_size_last_edited=&#8221;on|phone&#8221; header_2_line_height_tablet=&#8221;1.2em&#8221; header_2_line_height_phone=&#8221;1.2em&#8221; header_2_line_height_last_edited=&#8221;on|tablet&#8221; locked=&#8221;off&#8221; global_colors_info=&#8221;{}&#8221;]<\/p>\n<h2>Lottery News<\/h2>\n<p>[\/et_pb_text][\/et_pb_column][et_pb_column type=&#8221;3_5&#8221; _builder_version=&#8221;4.16&#8221; _module_preset=&#8221;default&#8221; global_colors_info=&#8221;{}&#8221;][et_pb_divider color=&#8221;#E69B0B&#8221; divider_weight=&#8221;70px&#8221; _builder_version=&#8221;4.17.3&#8221; _module_preset=&#8221;default&#8221; height=&#8221;60px&#8221; global_colors_info=&#8221;{}&#8221;][\/et_pb_divider][\/et_pb_column][\/et_pb_row][et_pb_row _builder_version=&#8221;4.16&#8221; _module_preset=&#8221;default&#8221; global_colors_info=&#8221;{}&#8221;][et_pb_column type=&#8221;4_4&#8221; _builder_version=&#8221;4.16&#8221; _module_preset=&#8221;default&#8221; global_colors_info=&#8221;{}&#8221;][et_pb_blog fullwidth=&#8221;off&#8221; include_categories=&#8221;all&#8221; show_author=&#8221;off&#8221; show_date=&#8221;off&#8221; show_categories=&#8221;off&#8221; show_pagination=&#8221;off&#8221; _builder_version=&#8221;4.25.0&#8221; _module_preset=&#8221;default&#8221; global_colors_info=&#8221;{}&#8221;][\/et_pb_blog][\/et_pb_column][\/et_pb_row][\/et_pb_section][et_pb_section fb_built=&#8221;1&#8221; admin_label=&#8221;Service&#8221; _builder_version=&#8221;4.16&#8221; _module_preset=&#8221;default&#8221; global_colors_info=&#8221;{}&#8221;][et_pb_row column_structure=&#8221;1_2,1_2&#8221; _builder_version=&#8221;4.16&#8221; _module_preset=&#8221;default&#8221; global_colors_info=&#8221;{}&#8221;][et_pb_column type=&#8221;1_2&#8221; _builder_version=&#8221;4.16&#8221; _module_preset=&#8221;default&#8221; global_colors_info=&#8221;{}&#8221;][et_pb_text admin_label=&#8221;Text&#8221; _builder_version=&#8221;4.17.3&#8221; _module_preset=&#8221;default&#8221; header_2_font=&#8221;Bebas Neue||||||||&#8221; header_2_font_size=&#8221;80px&#8221; header_2_font_size_tablet=&#8221;42px&#8221; header_2_font_size_phone=&#8221;30px&#8221; header_2_font_size_last_edited=&#8221;on|phone&#8221; header_2_line_height_tablet=&#8221;1.2em&#8221; header_2_line_height_phone=&#8221;&#8221; header_2_line_height_last_edited=&#8221;on|tablet&#8221; box_shadow_style=&#8221;preset4&#8221; box_shadow_horizontal=&#8221;-540px&#8221; box_shadow_vertical=&#8221;0px&#8221; box_shadow_color=&#8221;#E69B0B&#8221; box_shadow_horizontal_tablet=&#8221;-83vw&#8221; box_shadow_horizontal_phone=&#8221;&#8221; box_shadow_horizontal_last_edited=&#8221;on|desktop&#8221; locked=&#8221;off&#8221; global_colors_info=&#8221;{}&#8221;]<\/p>\n<h2>EuroMillions &amp; EuroJackpot<\/h2>\n<p>[\/et_pb_text][et_pb_text admin_label=&#8221;Text&#8221; _builder_version=&#8221;4.19.4&#8221; _module_preset=&#8221;default&#8221; text_font_size=&#8221;16px&#8221; text_line_height=&#8221;1.8em&#8221; header_3_font=&#8221;Bebas Neue||||||||&#8221; header_3_font_size=&#8221;30px&#8221; header_3_line_height=&#8221;1.2em&#8221; custom_margin_tablet=&#8221;40px||40px||true|false&#8221; custom_margin_last_edited=&#8221;off|desktop&#8221; text_font_size_tablet=&#8221;&#8221; text_font_size_phone=&#8221;14px&#8221; text_font_size_last_edited=&#8221;on|phone&#8221; header_3_font_size_tablet=&#8221;24px&#8221; header_3_font_size_phone=&#8221;20px&#8221; header_3_font_size_last_edited=&#8221;on|phone&#8221; global_colors_info=&#8221;{}&#8221;]<\/p>\n<h3>Neograni\u010dene mogu\u0107nosti<\/h3>\n<p>Svako u Evropi i \u0161irom Evrope ima najmanje \u010detiri prilike svake nedelje da osvoji d\u017eekpot i postane multimilioner<\/p>\n<p>[\/et_pb_text][et_pb_image src=&#8221;https:\/\/lotojackpot.info\/wp-content\/uploads\/2022\/06\/15647.jpg&#8221; title_text=&#8221;Neonska ikona bubnja za lutriju&#8221; disabled_on=&#8221;on|on|off&#8221; admin_label=&#8221;Image&#8221; _builder_version=&#8221;4.17.3&#8221; _module_preset=&#8221;default&#8221; global_colors_info=&#8221;{}&#8221;][\/et_pb_image][\/et_pb_column][et_pb_column type=&#8221;1_2&#8221; _builder_version=&#8221;4.16&#8221; _module_preset=&#8221;default&#8221; global_colors_info=&#8221;{}&#8221;][et_pb_image src=&#8221;https:\/\/lotojackpot.info\/wp-content\/uploads\/2022\/06\/lotto2.jpg&#8221; title_text=&#8221;Zadovoljna atraktivna Evropljanka po\u017eeli dobitak, podi\u017ee ruke prekri\u017eenih prstiju, \u010deka rezultate lutrije, zatvara o\u010di, ima crvene usne, odjevena u modernu haljinu, izolirana preko bijelog zida&#8221; admin_label=&#8221;Image&#8221; _builder_version=&#8221;4.17.3&#8221; _module_preset=&#8221;default&#8221; custom_margin=&#8221;|-10vw|||false|false&#8221; custom_margin_tablet=&#8221;|0vw|||false|false&#8221; custom_margin_phone=&#8221;&#8221; custom_margin_last_edited=&#8221;on|tablet&#8221; global_colors_info=&#8221;{}&#8221;][\/et_pb_image][et_pb_text _builder_version=&#8221;4.18.0&#8221; _module_preset=&#8221;default&#8221; text_font_size=&#8221;16px&#8221; text_line_height=&#8221;1.8em&#8221; text_font_size_tablet=&#8221;&#8221; text_font_size_phone=&#8221;14px&#8221; text_font_size_last_edited=&#8221;on|phone&#8221; locked=&#8221;off&#8221; global_colors_info=&#8221;{}&#8221;]EuroMillions i EuroJackpot su dvije najve\u0107e lutrije u Evropi sa d\u017eekpotima do 230 miliona eura. Svake srijede i petka imate priliku da osvojite ove grandiozne d\u017eekpotove.[\/et_pb_text][et_pb_button button_url=&#8221;@ET-DC@eyJkeW5hbWljIjp0cnVlLCJjb250ZW50IjoicG9zdF9saW5rX3VybF9wYWdlIiwic2V0dGluZ3MiOnsicG9zdF9pZCI6IjE1In19@&#8221; button_text=&#8221;Nau\u010di vi\u0161e&#8221; _builder_version=&#8221;4.18.0&#8221; _dynamic_attributes=&#8221;button_url&#8221; _module_preset=&#8221;default&#8221; custom_button=&#8221;on&#8221; button_text_size=&#8221;16px&#8221; button_text_color=&#8221;#FFFFFF&#8221; button_bg_color=&#8221;#E69B0B&#8221; button_border_width=&#8221;2px&#8221; button_border_color=&#8221;#E69B0B&#8221; button_border_radius=&#8221;3px&#8221; button_letter_spacing=&#8221;4px&#8221; button_font=&#8221;Bebas Neue||||||||&#8221; button_use_icon=&#8221;off&#8221; custom_padding=&#8221;15px|40px|15px|40px|true|true&#8221; global_colors_info=&#8221;{}&#8221; button_text_color__hover_enabled=&#8221;on|desktop&#8221; button_border_width__hover_enabled=&#8221;on|hover&#8221; button_bg_color__hover_enabled=&#8221;on|hover&#8221; button_bg_color__hover=&#8221;#FFFFFF&#8221; button_bg_enable_color__hover=&#8221;on&#8221; button_text_color__hover=&#8221;#E69B0B&#8221; button_border_width__hover=&#8221;2px&#8221;][\/et_pb_button][et_pb_code _builder_version=&#8221;4.25.0&#8221; _module_preset=&#8221;default&#8221; global_colors_info=&#8221;{}&#8221;][\/et_pb_code][\/et_pb_column][\/et_pb_row][\/et_pb_section][et_pb_section fb_built=&#8221;1&#8221; admin_label=&#8221;Call to Action&#8221; _builder_version=&#8221;4.17.3&#8221; _module_preset=&#8221;default&#8221; use_background_color_gradient=&#8221;on&#8221; background_color_gradient_direction=&#8221;90deg&#8221; background_color_gradient_stops=&#8221;#000000 10%|rgba(0,0,0,0) 100%&#8221; background_color_gradient_overlays_image=&#8221;on&#8221; background_color_gradient_start=&#8221;#000000&#8221; background_color_gradient_start_position=&#8221;10%&#8221; background_color_gradient_end=&#8221;rgba(0,0,0,0)&#8221; background_image=&#8221;https:\/\/lotojackpot.info\/wp-content\/uploads\/2022\/06\/dsgn.jpg&#8221; custom_padding=&#8221;10vw||10vw||true|false&#8221; global_colors_info=&#8221;{}&#8221;][et_pb_row custom_padding_last_edited=&#8221;on|phone&#8221; _builder_version=&#8221;4.17.3&#8221; _module_preset=&#8221;default&#8221; background_color=&#8221;#E69B0B&#8221; custom_padding=&#8221;60px||50px|50px|false|false&#8221; custom_padding_tablet=&#8221;30px|30px|30px|30px|true|true&#8221; custom_padding_phone=&#8221;|20px||20px|true|true&#8221; box_shadow_style=&#8221;preset4&#8221; box_shadow_horizontal=&#8221;30vw&#8221; box_shadow_vertical=&#8221;0px&#8221; box_shadow_color=&#8221;#E69B0B&#8221; global_colors_info=&#8221;{}&#8221;][et_pb_column type=&#8221;4_4&#8221; _builder_version=&#8221;4.17.3&#8221; _module_preset=&#8221;default&#8221; global_colors_info=&#8221;{}&#8221;][et_pb_text _builder_version=&#8221;4.17.4&#8221; _module_preset=&#8221;default&#8221; header_2_font=&#8221;Bebas Neue||||||||&#8221; header_2_font_size=&#8221;80px&#8221; background_layout=&#8221;dark&#8221; max_width=&#8221;620px&#8221; header_2_font_size_tablet=&#8221;42px&#8221; header_2_font_size_phone=&#8221;30px&#8221; header_2_font_size_last_edited=&#8221;on|phone&#8221; header_2_line_height_tablet=&#8221;1.2em&#8221; header_2_line_height_phone=&#8221;&#8221; header_2_line_height_last_edited=&#8221;on|tablet&#8221; global_colors_info=&#8221;{}&#8221;]<\/p>\n<h2>EuroJackpot &amp; EuroMillions Jackpots<\/h2>\n<p>[\/et_pb_text][\/et_pb_column][\/et_pb_row][\/et_pb_section]<\/p>\n","protected":false},"excerpt":{"rendered":"<p>Loto JackpotsD\u017eekpotovi koji \u0107e vam promijeniti \u017eivot Najve\u0107e svjetske lutrije sa d\u017eekpotima do 1,6 milijardi eura900 miliona dolara490 miliona dolara108 miliona evra10 miliona evraLottery NewsEuroMillions &amp; EuroJackpotNeograni\u010dene mogu\u0107nosti Svako u Evropi i \u0161irom Evrope ima najmanje \u010detiri prilike svake nedelje da osvoji d\u017eekpot i postane multimilionerEuroMillions i EuroJackpot su dvije najve\u0107e lutrije u Evropi sa [&hellip;]<\/p>\n","protected":false},"author":1,"featured_media":0,"parent":0,"menu_order":0,"comment_status":"closed","ping_status":"closed","template":"","meta":{"_et_pb_use_builder":"on","_et_pb_old_content":"","_et_gb_content_width":"","footnotes":""},"class_list":["post-1385","page","type-page","status-publish","hentry"],"_links":{"self":[{"href":"https:\/\/lotojackpot.info\/bs\/wp-json\/wp\/v2\/pages\/1385","targetHints":{"allow":["GET"]}}],"collection":[{"href":"https:\/\/lotojackpot.info\/bs\/wp-json\/wp\/v2\/pages"}],"about":[{"href":"https:\/\/lotojackpot.info\/bs\/wp-json\/wp\/v2\/types\/page"}],"author":[{"embeddable":true,"href":"https:\/\/lotojackpot.info\/bs\/wp-json\/wp\/v2\/users\/1"}],"replies":[{"embeddable":true,"href":"https:\/\/lotojackpot.info\/bs\/wp-json\/wp\/v2\/comments?post=1385"}],"version-history":[{"count":336,"href":"https:\/\/lotojackpot.info\/bs\/wp-json\/wp\/v2\/pages\/1385\/revisions"}],"predecessor-version":[{"id":12868,"href":"https:\/\/lotojackpot.info\/bs\/wp-json\/wp\/v2\/pages\/1385\/revisions\/12868"}],"wp:attachment":[{"href":"https:\/\/lotojackpot.info\/bs\/wp-json\/wp\/v2\/media?parent=1385"}],"curies":[{"name":"wp","href":"https:\/\/api.w.org\/{rel}","templated":true}]}}